{"id":11903,"date":"2023-12-12T08:10:24","date_gmt":"2023-12-12T08:10:24","guid":{"rendered":"https:\/\/sampledata.potenzaglobalsolutions.com\/cardealer-modern-el\/?page_id=11903"},"modified":"2025-04-18T07:31:29","modified_gmt":"2025-04-18T07:31:29","slug":"about-us-modern","status":"publish","type":"page","link":"https:\/\/barbosacar.pt\/?page_id=11903","title":{"rendered":""},"content":{"rendered":"\t\t<div data-elementor-type=\"wp-page\" data-elementor-id=\"11903\" class=\"elementor elementor-11903\">\n\t\t\t\t\t\t<section class=\"elementor-section elementor-top-section elementor-element elementor-element-642d4de elementor-section-boxed elementor-section-height-default elementor-section-height-default\" data-id=\"642d4de\" data-element_type=\"section\">\n\t\t\t\t\t\t<div class=\"elementor-container elementor-column-gap-default\">\n\t\t\t\t\t<div class=\"elementor-column elementor-col-100 elementor-top-column elementor-element elementor-element-360d870\" data-id=\"360d870\" data-element_type=\"column\">\n\t\t\t<div class=\"elementor-widget-wrap elementor-element-populated\">\n\t\t\t\t\t\t<section class=\"elementor-section elementor-inner-section elementor-element elementor-element-41f4ca2 elementor-section-boxed elementor-section-height-default elementor-section-height-default\" data-id=\"41f4ca2\" data-element_type=\"section\">\n\t\t\t\t\t\t<div class=\"elementor-container elementor-column-gap-default\">\n\t\t\t\t\t<div class=\"elementor-column elementor-col-100 elementor-inner-column elementor-element elementor-element-706f2c0\" data-id=\"706f2c0\" data-element_type=\"column\">\n\t\t\t<div class=\"elementor-widget-wrap elementor-element-populated\">\n\t\t\t\t\t\t<div class=\"elementor-element elementor-element-2e4b563 elementor-widget elementor-widget-cdhl_section-title\" data-id=\"2e4b563\" data-element_type=\"widget\" data-widget_type=\"cdhl_section-title.default\">\n\t\t\t\t<div class=\"elementor-widget-container\">\n\t\t\t\t\t<div class=\"cdhl_section-title_wrapper\">\n\t<div class=\"section-title text-center style_3\" id=\"2e4b563\">\n\t\t\t\t\t\t<span class=\"sub-title\">SOBRE N\u00d3S<label><\/label><\/span>\n\t\t\t\t<h2 class=\"main-title\">\n\t\t\tBARBOSACAR\t\t<\/h2>\n\t\t\t<\/div>\n<\/div>\n\t\t\t\t<\/div>\n\t\t\t\t<\/div>\n\t\t\t\t<div class=\"elementor-element elementor-element-e85bbea elementor-widget elementor-widget-spacer\" data-id=\"e85bbea\" data-element_type=\"widget\" data-widget_type=\"spacer.default\">\n\t\t\t\t<div class=\"elementor-widget-container\">\n\t\t\t\t\t\t\t<div class=\"elementor-spacer\">\n\t\t\t<div class=\"elementor-spacer-inner\"><\/div>\n\t\t<\/div>\n\t\t\t\t\t\t<\/div>\n\t\t\t\t<\/div>\n\t\t\t\t<div class=\"elementor-element elementor-element-511c9ce elementor-widget elementor-widget-text-editor\" data-id=\"511c9ce\" data-element_type=\"widget\" data-widget_type=\"text-editor.default\">\n\t\t\t\t<div class=\"elementor-widget-container\">\n\t\t\t\t\t\t\t\t\t<p class=\"\" data-start=\"161\" data-end=\"779\"><strong data-start=\"161\" data-end=\"779\">A BARBOSACAR \u00e9 uma empresa com mais de 5 anos de experi\u00eancia no setor autom\u00f3vel, com sede em Albergaria-a-Velha. Dedicamo-nos \u00e0 comercializa\u00e7\u00e3o e repara\u00e7\u00e3o de viaturas novas e usadas, de v\u00e1rias marcas, sempre com garantia e qualidade assegurada.<\/strong><\/p><hr class=\"\" data-start=\"1077\" data-end=\"1080\" \/><h3 class=\"\" data-start=\"1082\" data-end=\"1092\">Miss\u00e3o<\/h3><p class=\"\" data-start=\"1094\" data-end=\"1496\">Melhorar continuamente os nossos servi\u00e7os, antecipando as necessidades dos nossos clientes e superando as suas expectativas. Trabalhamos diariamente para garantir a sua total satisfa\u00e7\u00e3o e fideliza\u00e7\u00e3o. Apostamos na valoriza\u00e7\u00e3o dos nossos recursos humanos, na gest\u00e3o eficiente e respons\u00e1vel dos nossos meios e na cria\u00e7\u00e3o de parcerias s\u00f3lidas que contribuam para um crescimento sustent\u00e1vel e de confian\u00e7a.<\/p><hr class=\"\" data-start=\"1498\" data-end=\"1501\" \/><h3 class=\"\" data-start=\"1503\" data-end=\"1512\">Vis\u00e3o<\/h3><p class=\"\" data-start=\"1514\" data-end=\"1837\">Na BARBOSACAR, o nosso maior objetivo \u00e9 crescer com base na confian\u00e7a que conquistamos junto dos nossos clientes. Valorizamos cada rela\u00e7\u00e3o e procuramos sempre prestar um servi\u00e7o de excel\u00eancia, tanto na venda como no acompanhamento p\u00f3s-venda. Acreditamos que os nossos clientes satisfeitos s\u00e3o os nossos melhores promotores.<\/p><hr class=\"\" data-start=\"1839\" data-end=\"1842\" \/><h3 class=\"\" data-start=\"1844\" data-end=\"1869\">Pol\u00edtica de Qualidade<\/h3><p class=\"\" data-start=\"1871\" data-end=\"2149\">Na BARBOSACAR, procuramos constantemente solu\u00e7\u00f5es eficazes para responder aos desafios do mercado autom\u00f3vel. Contamos com uma equipa t\u00e9cnica altamente qualificada e experiente. Comprometemo-nos com a melhoria cont\u00ednua dos nossos servi\u00e7os, orientando-nos pelos seguintes pilares:<\/p><ul data-start=\"2151\" data-end=\"2752\"><li class=\"\" data-start=\"2151\" data-end=\"2261\"><p class=\"\" data-start=\"2153\" data-end=\"2261\"><strong data-start=\"2153\" data-end=\"2184\">Satisfa\u00e7\u00e3o total do cliente<\/strong>, cumprindo rigorosamente os requisitos acordados e superando expectativas;<\/p><\/li><li class=\"\" data-start=\"2262\" data-end=\"2402\"><p class=\"\" data-start=\"2264\" data-end=\"2402\"><strong data-start=\"2264\" data-end=\"2304\">Excel\u00eancia na qualidade dos servi\u00e7os<\/strong>, assegurando o cumprimento de todas as normas legais e do nosso sistema de gest\u00e3o da qualidade;<\/p><\/li><li class=\"\" data-start=\"2403\" data-end=\"2509\"><p class=\"\" data-start=\"2405\" data-end=\"2509\"><strong data-start=\"2405\" data-end=\"2430\">Agilidade na resposta<\/strong>, garantindo solu\u00e7\u00f5es r\u00e1pidas e eficazes \u00e0s necessidades dos nossos clientes;<\/p><\/li><li class=\"\" data-start=\"2510\" data-end=\"2630\"><p class=\"\" data-start=\"2512\" data-end=\"2630\"><strong data-start=\"2512\" data-end=\"2537\">Compromisso da equipa<\/strong>, atrav\u00e9s do envolvimento de todos os colaboradores na entrega de um servi\u00e7o de excel\u00eancia;<\/p><\/li><li class=\"\" data-start=\"2631\" data-end=\"2752\"><p class=\"\" data-start=\"2633\" data-end=\"2752\"><strong data-start=\"2633\" data-end=\"2692\">Contributo para o crescimento sustent\u00e1vel da BARBOSACAR<\/strong>, com um sistema de gest\u00e3o eficiente e focado em resultados.<\/p><\/li><\/ul>\t\t\t\t\t\t\t\t<\/div>\n\t\t\t\t<\/div>\n\t\t\t\t\t<\/div>\n\t\t<\/div>\n\t\t\t\t\t<\/div>\n\t\t<\/section>\n\t\t\t\t\t<\/div>\n\t\t<\/div>\n\t\t\t\t\t<\/div>\n\t\t<\/section>\n\t\t\t\t<\/div>\n\t\t","protected":false},"excerpt":{"rendered":"<p>SOBRE N\u00d3S BARBOSACAR A BARBOSACAR \u00e9 uma empresa com mais de 5 anos de experi\u00eancia no setor autom\u00f3vel, com sede em Albergaria-a-Velha. Dedicamo-nos \u00e0 comercializa\u00e7\u00e3o e repara\u00e7\u00e3o de viaturas novas e usadas, de v\u00e1rias marcas, sempre com garantia e qualidade assegurada. Miss\u00e3o Melhorar continuamente os nossos servi\u00e7os, antecipando as necessidades dos nossos clientes e superando [&hellip;]<\/p>\n","protected":false},"author":1,"featured_media":0,"parent":0,"menu_order":0,"comment_status":"closed","ping_status":"closed","template":"elementor_header_footer","meta":{"_acf_changed":false,"footnotes":""},"class_list":["post-11903","page","type-page","status-publish","hentry"],"acf":[],"_links":{"self":[{"href":"https:\/\/barbosacar.pt\/index.php?rest_route=\/wp\/v2\/pages\/11903","targetHints":{"allow":["GET"]}}],"collection":[{"href":"https:\/\/barbosacar.pt\/index.php?rest_route=\/wp\/v2\/pages"}],"about":[{"href":"https:\/\/barbosacar.pt\/index.php?rest_route=\/wp\/v2\/types\/page"}],"author":[{"embeddable":true,"href":"https:\/\/barbosacar.pt\/index.php?rest_route=\/wp\/v2\/users\/1"}],"replies":[{"embeddable":true,"href":"https:\/\/barbosacar.pt\/index.php?rest_route=%2Fwp%2Fv2%2Fcomments&post=11903"}],"version-history":[{"count":12,"href":"https:\/\/barbosacar.pt\/index.php?rest_route=\/wp\/v2\/pages\/11903\/revisions"}],"predecessor-version":[{"id":12640,"href":"https:\/\/barbosacar.pt\/index.php?rest_route=\/wp\/v2\/pages\/11903\/revisions\/12640"}],"wp:attachment":[{"href":"https:\/\/barbosacar.pt\/index.php?rest_route=%2Fwp%2Fv2%2Fmedia&parent=11903"}],"curies":[{"name":"wp","href":"https:\/\/api.w.org\/{rel}","templated":true}]}}